{"id":243,"date":"2025-05-09T13:49:03","date_gmt":"2025-05-09T11:49:03","guid":{"rendered":"https:\/\/restaurant-enjoy.de\/?page_id=243"},"modified":"2025-06-17T18:24:32","modified_gmt":"2025-06-17T16:24:32","slug":"3-gaenge-menue","status":"publish","type":"page","link":"https:\/\/restaurant-enjoy.de\/en\/3-gaenge-menue\/","title":{"rendered":"3-course menu"},"content":{"rendered":"<p>[et_pb_section fb_built=&#8220;1&#8243; admin_label=&#8220;Header&#8220; _builder_version=&#8220;4.27.4&#8243; _module_preset=&#8220;default&#8220; use_background_color_gradient=&#8220;on&#8220; background_color_gradient_stops=&#8220;rgba(0,0,0,0.5) 0%|rgba(0,0,0,0.5) 100%&#8220; background_color_gradient_overlays_image=&#8220;on&#8220; background_image=&#8220;https:\/\/restaurant-enjoy.de\/wp-content\/uploads\/2025\/05\/ENJOY-Restaurant-Frankfurt-Messe-3-Gang-Menu-Header.jpg&#8220; custom_padding=&#8220;|10%||10%|false|true&#8220; locked=&#8220;off&#8220; collapsed=&#8220;on&#8220; global_colors_info=&#8220;{}&#8220;][et_pb_row _builder_version=&#8220;4.24.1&#8243; _module_preset=&#8220;default&#8220; width=&#8220;100%&#8220; max_width=&#8220;2000px&#8220; global_colors_info=&#8220;{}&#8220;][et_pb_column type=&#8220;4_4&#8243; _builder_version=&#8220;4.24.1&#8243; _module_preset=&#8220;default&#8220; global_colors_info=&#8220;{}&#8220;][et_pb_text _builder_version=&#8220;4.27.4&#8243; _module_preset=&#8220;_initial&#8220; text_font=&#8220;Montserrat SemiBold||||||||&#8220; text_text_color=&#8220;#FFFFFF&#8220; text_font_size=&#8220;80px&#8220; text_line_height=&#8220;1.3em&#8220; header_font=&#8220;Montserrat SemiBold||||||||&#8220; header_text_color=&#8220;#FFFFFF&#8220; header_font_size=&#8220;80px&#8220; header_line_height=&#8220;1.3em&#8220; text_orientation=&#8220;center&#8220; custom_margin=&#8220;||10px||false|false&#8220; text_font_size_tablet=&#8220;80px&#8220; text_font_size_phone=&#8220;35px&#8220; text_font_size_last_edited=&#8220;on|phone&#8220; header_font_size_tablet=&#8220;40px&#8220; header_font_size_phone=&#8220;35px&#8220; header_font_size_last_edited=&#8220;on|desktop&#8220; global_colors_info=&#8220;{}&#8220;]<\/p>\n<p>3-G\u00e4nge-Men\u00fc<\/p>\n<p>[\/et_pb_text][\/et_pb_column][\/et_pb_row][\/et_pb_section][et_pb_section fb_built=&#8220;1&#8243; custom_padding_last_edited=&#8220;on|phone&#8220; _builder_version=&#8220;4.27.4&#8243; _module_preset=&#8220;default&#8220; background_image=&#8220;https:\/\/restaurant-enjoy.de\/wp-content\/uploads\/2025\/05\/ENJOY-Restaurant-Frankfurt-Messe-BG-scaled.jpg&#8220; custom_padding=&#8220;||||false|false&#8220; custom_padding_tablet=&#8220;||||false|false&#8220; custom_padding_phone=&#8220;0px||||false|false&#8220; global_colors_info=&#8220;{}&#8220;][et_pb_row _builder_version=&#8220;4.27.4&#8243; _module_preset=&#8220;default&#8220; global_colors_info=&#8220;{}&#8220;][et_pb_column type=&#8220;4_4&#8243; _builder_version=&#8220;4.27.4&#8243; _module_preset=&#8220;default&#8220; global_colors_info=&#8220;{}&#8220;][et_pb_text _builder_version=&#8220;4.27.4&#8243; _module_preset=&#8220;default&#8220; header_text_align=&#8220;center&#8220; header_line_height=&#8220;1.3em&#8220; header_2_text_align=&#8220;center&#8220; header_2_line_height=&#8220;1.3em&#8220; text_orientation=&#8220;center&#8220; hover_enabled=&#8220;0&#8243; header_font_size_tablet=&#8220;&#8220; header_font_size_phone=&#8220;25px&#8220; header_font_size_last_edited=&#8220;on|phone&#8220; global_colors_info=&#8220;{}&#8220; sticky_enabled=&#8220;0&#8243;]<\/p>\n<h1>Hier finden Sie unser aktuelles 3-G\u00e4nge-Men\u00fc im ENJOY Restaurant Frankfurt Messe<\/h1>\n<p>Unser 3-G\u00e4nge-Men\u00fc f\u00fcr 29,90\u20ac p.P besteht aus einer feinen Vorspeise, einem w\u00e4hlbaren Hauptgang \u2013 vegetarisch, mit Fleisch oder Fisch \u2013 sowie einem k\u00f6stlichen Dessert. Das Men\u00fcangebot gilt von 17:00 Uhr bis 22:00 Uhr und wechselt regelm\u00e4\u00dfig, um Ihnen stets neue kulinarische Gen\u00fcsse zu bieten.<\/p>\n<p>[\/et_pb_text][\/et_pb_column][\/et_pb_row][et_pb_row custom_padding_last_edited=&#8220;off|phone&#8220; _builder_version=&#8220;4.27.4&#8243; _module_preset=&#8220;default&#8220; background_color=&#8220;#FFFFFF&#8220; width_tablet=&#8220;&#8220; width_phone=&#8220;&#8220; width_last_edited=&#8220;on|phone&#8220; custom_padding=&#8220;|15px||15px|false|false&#8220; box_shadow_style=&#8220;preset1&#8243; box_shadow_color=&#8220;#DFB758&#8243; global_colors_info=&#8220;{}&#8220;][et_pb_column type=&#8220;4_4&#8243; _builder_version=&#8220;4.27.4&#8243; _module_preset=&#8220;default&#8220; global_colors_info=&#8220;{}&#8220;][et_pb_text _builder_version=&#8220;4.27.4&#8243; _module_preset=&#8220;default&#8220; text_orientation=&#8220;center&#8220; custom_margin=&#8220;||0px||false|false&#8220; custom_padding=&#8220;||0px||false|false&#8220; global_colors_info=&#8220;{}&#8220;]<\/p>\n<h3>Vorspeise<\/h3>\n<p>[\/et_pb_text][et_pb_text _builder_version=&#8220;4.27.4&#8243; _module_preset=&#8220;default&#8220; text_orientation=&#8220;center&#8220; global_colors_info=&#8220;{}&#8220;]<\/p>\n<p>Terrine von Tomate &amp; Mozzarella<\/p>\n<p>[\/et_pb_text][et_pb_text _builder_version=&#8220;4.27.4&#8243; _module_preset=&#8220;default&#8220; text_orientation=&#8220;center&#8220; custom_margin=&#8220;||0px||false|false&#8220; custom_padding=&#8220;||0px||false|false&#8220; global_colors_info=&#8220;{}&#8220;]<\/p>\n<h3>Hauptspeisen zur Auswahl<\/h3>\n<p>[\/et_pb_text][et_pb_text _builder_version=&#8220;4.27.4&#8243; _module_preset=&#8220;default&#8220; text_orientation=&#8220;center&#8220; global_colors_info=&#8220;{}&#8220;]<\/p>\n<p>Lammr\u00fccken vom Lavasteingrill mit Kartoffelgratin &amp; gr\u00fcnem Spargel<\/p>\n<p>***<\/p>\n<p>Thunfisch vom Lavasteingrill auf Spargelrisotto und Salbeitopping<\/p>\n<p>***<\/p>\n<p>Chefsalat mit Hausdressing, Putenbrust- &amp; K\u00e4sestreifen, Ei und Croutons<\/p>\n<p>[\/et_pb_text][et_pb_text _builder_version=&#8220;4.27.4&#8243; _module_preset=&#8220;default&#8220; text_orientation=&#8220;center&#8220; custom_margin=&#8220;||0px||false|false&#8220; custom_padding=&#8220;||0px||false|false&#8220; global_colors_info=&#8220;{}&#8220;]<\/p>\n<h3>Nachspeise<\/h3>\n<p>[\/et_pb_text][et_pb_text _builder_version=&#8220;4.27.4&#8243; _module_preset=&#8220;default&#8220; text_orientation=&#8220;center&#8220; global_colors_info=&#8220;{}&#8220;]<\/p>\n<p>Karottenkuchen mit Vanille-Eiscreme<\/p>\n<p>[\/et_pb_text][et_pb_text _builder_version=&#8220;4.27.4&#8243; _module_preset=&#8220;default&#8220; text_font=&#8220;|600|||||||&#8220; text_text_color=&#8220;#000000&#8243; text_font_size=&#8220;25px&#8220; text_orientation=&#8220;center&#8220; global_colors_info=&#8220;{}&#8220;]<\/p>\n<p>Preis 29,90 \u20ac p.P<\/p>\n<p>[\/et_pb_text][et_pb_text _builder_version=&#8220;4.27.4&#8243; _module_preset=&#8220;default&#8220; text_font_size=&#8220;14px&#8220; text_orientation=&#8220;center&#8220; global_colors_info=&#8220;{}&#8220;]<\/p>\n<p>G\u00fcltig vom 16.05.2025 bis 23.05.2025<\/p>\n<p>[\/et_pb_text][\/et_pb_column][\/et_pb_row][\/et_pb_section][et_pb_section fb_built=&#8220;1&#8243; _builder_version=&#8220;4.27.4&#8243; _module_preset=&#8220;default&#8220; custom_padding=&#8220;0px||||false|false&#8220; global_colors_info=&#8220;{}&#8220;][et_pb_row _builder_version=&#8220;4.27.4&#8243; _module_preset=&#8220;default&#8220; global_colors_info=&#8220;{}&#8220;][et_pb_column type=&#8220;4_4&#8243; _builder_version=&#8220;4.27.4&#8243; _module_preset=&#8220;default&#8220; global_colors_info=&#8220;{}&#8220;][et_pb_text _builder_version=&#8220;4.27.4&#8243; _module_preset=&#8220;default&#8220; header_2_text_align=&#8220;center&#8220; header_2_line_height=&#8220;1.3em&#8220; global_colors_info=&#8220;{}&#8220;]<\/p>\n<h2>Jetzt Tisch reservieren online oder per Telefon<\/h2>\n<p>[\/et_pb_text][\/et_pb_column][\/et_pb_row][et_pb_row column_structure=&#8220;1_2,1_2&#8243; _builder_version=&#8220;4.27.4&#8243; _module_preset=&#8220;default&#8220; width=&#8220;40%&#8220; width_tablet=&#8220;40%&#8220; width_phone=&#8220;80%&#8220; width_last_edited=&#8220;on|phone&#8220; max_width=&#8220;40%&#8220; max_width_tablet=&#8220;40%&#8220; max_width_phone=&#8220;80%&#8220; max_width_last_edited=&#8220;on|desktop&#8220; module_alignment=&#8220;center&#8220; global_colors_info=&#8220;{}&#8220;][et_pb_column type=&#8220;1_2&#8243; _builder_version=&#8220;4.27.4&#8243; _module_preset=&#8220;default&#8220; global_colors_info=&#8220;{}&#8220;][et_pb_code _builder_version=&#8220;4.27.4&#8243; _module_preset=&#8220;default&#8220; text_orientation=&#8220;center&#8220; global_colors_info=&#8220;{}&#8220;]<script type='text\/javascript' src='\/\/www.opentable.de\/widget\/reservation\/loader?rid=404196&#038;type=standard&#038;theme=standard&#038;color=1&#038;dark=false&#038;iframe=true&#038;domain=de&#038;lang=de-DE&#038;newtab=false&#038;ot_source=Restaurant%20website&#038;cfe=true'><\/script>[\/et_pb_code][\/et_pb_column][et_pb_column type=&#8220;1_2&#8243; _builder_version=&#8220;4.27.4&#8243; _module_preset=&#8220;default&#8220; global_colors_info=&#8220;{}&#8220;][et_pb_blurb title=&#8220;+49 (0) 69 3905 0&#8243; use_icon=&#8220;on&#8220; font_icon=&#8220;&#xf879;||fa||900&#8243; icon_color=&#8220;#e83b3b&#8220; image_icon_width=&#8220;70px&#8220; _builder_version=&#8220;4.27.4&#8243; _module_preset=&#8220;default&#8220; text_orientation=&#8220;center&#8220; custom_padding=&#8220;90px||||false|false&#8220; custom_padding_tablet=&#8220;20px||||false|false&#8220; custom_padding_phone=&#8220;20px||||false|false&#8220; custom_padding_last_edited=&#8220;on|desktop&#8220; link_option_url=&#8220;tel:+496939050&#8243; global_colors_info=&#8220;{}&#8220;][\/et_pb_blurb][\/et_pb_column][\/et_pb_row][\/et_pb_section]<\/p>\n","protected":false},"excerpt":{"rendered":"<p>3-G\u00e4nge-Men\u00fcHier finden Sie unser aktuelles 3-G\u00e4nge-Men\u00fc im ENJOY Restaurant Frankfurt Messe Unser 3-G\u00e4nge-Men\u00fc f\u00fcr 29,90\u20ac p.P besteht aus einer feinen Vorspeise, einem w\u00e4hlbaren Hauptgang \u2013 vegetarisch, mit Fleisch oder Fisch \u2013 sowie einem k\u00f6stlichen Dessert. Das Men\u00fcangebot gilt von 17:00 Uhr bis 22:00 Uhr und wechselt regelm\u00e4\u00dfig, um Ihnen stets neue kulinarische Gen\u00fcsse zu bieten.VorspeiseTerrine [&hellip;]<\/p>\n","protected":false},"author":1,"featured_media":0,"parent":0,"menu_order":0,"comment_status":"closed","ping_status":"closed","template":"","meta":{"_et_pb_use_builder":"on","_et_pb_old_content":"","_et_gb_content_width":"","footnotes":""},"class_list":["post-243","page","type-page","status-publish","hentry"],"yoast_head":"<!-- This site is optimized with the Yoast SEO plugin v27.4 - https:\/\/yoast.com\/product\/yoast-seo-wordpress\/ -->\n<title>Unser aktuelles 3-G\u00e4nge-Men\u00fc - ENJOY Restaurant Frankfurt Messe<\/title>\n<meta name=\"description\" content=\"Aktuelles 3-G\u00e4nge-Men\u00fc im ENJOY Restaurant Frankfurt Messe \u2013 t\u00e4glich frisch &amp; kreativ genie\u00dfen in stilvollem Ambiente.\" \/>\n<meta name=\"robots\" content=\"index, follow, max-snippet:-1, max-image-preview:large, max-video-preview:-1\" \/>\n<link rel=\"canonical\" href=\"https:\/\/restaurant-enjoy.de\/en\/3-gaenge-menue\/\" \/>\n<meta property=\"og:locale\" content=\"en_US\" \/>\n<meta property=\"og:type\" content=\"article\" \/>\n<meta property=\"og:title\" content=\"Unser aktuelles 3-G\u00e4nge-Men\u00fc - ENJOY Restaurant Frankfurt Messe\" \/>\n<meta property=\"og:description\" content=\"Aktuelles 3-G\u00e4nge-Men\u00fc im ENJOY Restaurant Frankfurt Messe \u2013 t\u00e4glich frisch &amp; kreativ genie\u00dfen in stilvollem Ambiente.\" \/>\n<meta property=\"og:url\" content=\"https:\/\/restaurant-enjoy.de\/en\/3-gaenge-menue\/\" \/>\n<meta property=\"og:site_name\" content=\"ENJOY Restaurant\" \/>\n<meta property=\"article:modified_time\" content=\"2025-06-17T16:24:32+00:00\" \/>\n<meta name=\"twitter:card\" content=\"summary_large_image\" \/>\n<meta name=\"twitter:label1\" content=\"Est. reading time\" \/>\n\t<meta name=\"twitter:data1\" content=\"1 minute\" \/>\n<script type=\"application\/ld+json\" class=\"yoast-schema-graph\">{\"@context\":\"https:\\\/\\\/schema.org\",\"@graph\":[{\"@type\":\"WebPage\",\"@id\":\"https:\\\/\\\/restaurant-enjoy.de\\\/en\\\/3-gaenge-menue\\\/\",\"url\":\"https:\\\/\\\/restaurant-enjoy.de\\\/en\\\/3-gaenge-menue\\\/\",\"name\":\"Unser aktuelles 3-G\u00e4nge-Men\u00fc - ENJOY Restaurant Frankfurt Messe\",\"isPartOf\":{\"@id\":\"https:\\\/\\\/restaurant-enjoy.de\\\/en\\\/#website\"},\"datePublished\":\"2025-05-09T11:49:03+00:00\",\"dateModified\":\"2025-06-17T16:24:32+00:00\",\"description\":\"Aktuelles 3-G\u00e4nge-Men\u00fc im ENJOY Restaurant Frankfurt Messe \u2013 t\u00e4glich frisch & kreativ genie\u00dfen in stilvollem Ambiente.\",\"breadcrumb\":{\"@id\":\"https:\\\/\\\/restaurant-enjoy.de\\\/en\\\/3-gaenge-menue\\\/#breadcrumb\"},\"inLanguage\":\"en-US\",\"potentialAction\":[{\"@type\":\"ReadAction\",\"target\":[\"https:\\\/\\\/restaurant-enjoy.de\\\/en\\\/3-gaenge-menue\\\/\"]}]},{\"@type\":\"BreadcrumbList\",\"@id\":\"https:\\\/\\\/restaurant-enjoy.de\\\/en\\\/3-gaenge-menue\\\/#breadcrumb\",\"itemListElement\":[{\"@type\":\"ListItem\",\"position\":1,\"name\":\"Startseite\",\"item\":\"https:\\\/\\\/restaurant-enjoy.de\\\/en\\\/\"},{\"@type\":\"ListItem\",\"position\":2,\"name\":\"3-G\u00e4nge-Men\u00fc\"}]},{\"@type\":\"WebSite\",\"@id\":\"https:\\\/\\\/restaurant-enjoy.de\\\/en\\\/#website\",\"url\":\"https:\\\/\\\/restaurant-enjoy.de\\\/en\\\/\",\"name\":\"ENJOY Restaurant\",\"description\":\"Frankfurt Messe\",\"potentialAction\":[{\"@type\":\"SearchAction\",\"target\":{\"@type\":\"EntryPoint\",\"urlTemplate\":\"https:\\\/\\\/restaurant-enjoy.de\\\/en\\\/?s={search_term_string}\"},\"query-input\":{\"@type\":\"PropertyValueSpecification\",\"valueRequired\":true,\"valueName\":\"search_term_string\"}}],\"inLanguage\":\"en-US\"}]}<\/script>\n<!-- \/ Yoast SEO plugin. -->","yoast_head_json":{"title":"Our current 3-course menu - ENJOY Restaurant Frankfurt Messe","description":"Current 3-course menu at the ENJOY Restaurant Frankfurt Messe \u2013 enjoy fresh and creative dishes every day in a stylish ambience.","robots":{"index":"index","follow":"follow","max-snippet":"max-snippet:-1","max-image-preview":"max-image-preview:large","max-video-preview":"max-video-preview:-1"},"canonical":"https:\/\/restaurant-enjoy.de\/en\/3-gaenge-menue\/","og_locale":"en_US","og_type":"article","og_title":"Unser aktuelles 3-G\u00e4nge-Men\u00fc - ENJOY Restaurant Frankfurt Messe","og_description":"Aktuelles 3-G\u00e4nge-Men\u00fc im ENJOY Restaurant Frankfurt Messe \u2013 t\u00e4glich frisch & kreativ genie\u00dfen in stilvollem Ambiente.","og_url":"https:\/\/restaurant-enjoy.de\/en\/3-gaenge-menue\/","og_site_name":"ENJOY Restaurant","article_modified_time":"2025-06-17T16:24:32+00:00","twitter_card":"summary_large_image","twitter_misc":{"Est. reading time":"1 minute"},"schema":{"@context":"https:\/\/schema.org","@graph":[{"@type":"WebPage","@id":"https:\/\/restaurant-enjoy.de\/en\/3-gaenge-menue\/","url":"https:\/\/restaurant-enjoy.de\/en\/3-gaenge-menue\/","name":"Our current 3-course menu - ENJOY Restaurant Frankfurt Messe","isPartOf":{"@id":"https:\/\/restaurant-enjoy.de\/en\/#website"},"datePublished":"2025-05-09T11:49:03+00:00","dateModified":"2025-06-17T16:24:32+00:00","description":"Current 3-course menu at the ENJOY Restaurant Frankfurt Messe \u2013 enjoy fresh and creative dishes every day in a stylish ambience.","breadcrumb":{"@id":"https:\/\/restaurant-enjoy.de\/en\/3-gaenge-menue\/#breadcrumb"},"inLanguage":"en-US","potentialAction":[{"@type":"ReadAction","target":["https:\/\/restaurant-enjoy.de\/en\/3-gaenge-menue\/"]}]},{"@type":"BreadcrumbList","@id":"https:\/\/restaurant-enjoy.de\/en\/3-gaenge-menue\/#breadcrumb","itemListElement":[{"@type":"ListItem","position":1,"name":"Startseite","item":"https:\/\/restaurant-enjoy.de\/en\/"},{"@type":"ListItem","position":2,"name":"3-G\u00e4nge-Men\u00fc"}]},{"@type":"WebSite","@id":"https:\/\/restaurant-enjoy.de\/en\/#website","url":"https:\/\/restaurant-enjoy.de\/en\/","name":"ENJOY Restaurant","description":"Frankfurt Trade Fair","potentialAction":[{"@type":"SearchAction","target":{"@type":"EntryPoint","urlTemplate":"https:\/\/restaurant-enjoy.de\/en\/?s={search_term_string}"},"query-input":{"@type":"PropertyValueSpecification","valueRequired":true,"valueName":"search_term_string"}}],"inLanguage":"en-US"}]}},"_links":{"self":[{"href":"https:\/\/restaurant-enjoy.de\/en\/wp-json\/wp\/v2\/pages\/243","targetHints":{"allow":["GET"]}}],"collection":[{"href":"https:\/\/restaurant-enjoy.de\/en\/wp-json\/wp\/v2\/pages"}],"about":[{"href":"https:\/\/restaurant-enjoy.de\/en\/wp-json\/wp\/v2\/types\/page"}],"author":[{"embeddable":true,"href":"https:\/\/restaurant-enjoy.de\/en\/wp-json\/wp\/v2\/users\/1"}],"replies":[{"embeddable":true,"href":"https:\/\/restaurant-enjoy.de\/en\/wp-json\/wp\/v2\/comments?post=243"}],"version-history":[{"count":16,"href":"https:\/\/restaurant-enjoy.de\/en\/wp-json\/wp\/v2\/pages\/243\/revisions"}],"predecessor-version":[{"id":510,"href":"https:\/\/restaurant-enjoy.de\/en\/wp-json\/wp\/v2\/pages\/243\/revisions\/510"}],"wp:attachment":[{"href":"https:\/\/restaurant-enjoy.de\/en\/wp-json\/wp\/v2\/media?parent=243"}],"curies":[{"name":"wp","href":"https:\/\/api.w.org\/{rel}","templated":true}]}}